{"id":9,"date":"2025-06-11T23:47:26","date_gmt":"2025-06-12T02:47:26","guid":{"rendered":"https:\/\/wmiotto.com.br\/?page_id=9"},"modified":"2025-07-18T17:56:01","modified_gmt":"2025-07-18T20:56:01","slug":"9-2","status":"publish","type":"page","link":"https:\/\/wmiotto.com.br\/","title":{"rendered":"Home"},"content":{"rendered":"\n<div class=\"limite-titulo\">\n<h1>SOBRE MIM<\/h1>\n<hr class=\"horizontal\">\n<\/div>\n\n<section id=\"sobre-mim\" itemscope itemtype=\"https:\/\/schema.org\/AboutPage\">\n\n\t\t<picture>\n    <source srcset=\"https:\/\/wmiotto.com.br\/wp-content\/themes\/glaux\/cortes\/Wagner-Miotto-Psicanalista.avif\" type=\"image\/avif\">\n    <source srcset=\"https:\/\/wmiotto.com.br\/wp-content\/themes\/glaux\/cortes\/Wagner-Miotto-Psicanalista.webp\" type=\"image\/webp\">\n    <img loading=\"lazy\" decoding=\"async\" class=\"img-poligonal\" src=\"https:\/\/wmiotto.com.br\/wp-content\/themes\/glaux\/cortes\/Wagner-Miotto-Psicanalista.png\" alt=\"Wagner Miotto Psicanalista\" width=\"707\" height=\"653\">\n<\/picture>\n\n\t\t<picture>\n    <source srcset=\"https:\/\/wmiotto.com.br\/wp-content\/themes\/glaux\/cortes\/Wagner-Miotto-Psicanalista-mobile-quadrado.avif\" type=\"image\/avif\">\n    <source srcset=\"https:\/\/wmiotto.com.br\/wp-content\/themes\/glaux\/cortes\/Wagner-Miotto-Psicanalista-mobile-quadrado\" type=\"image\/webp\">\n    <img loading=\"lazy\" decoding=\"async\" class=\"img-quadrada\" src=\"https:\/\/wmiotto.com.br\/wp-content\/themes\/glaux\/cortes\/Wagner-Miotto-Psicanalista-mobile-quadrado.jpg\" alt=\"Wagner Miotto Psicanalista\" width=\"457\" height=\"457\">\n<\/picture>\n\n<div class=\"conteudo\">\n\n<p itemprop=\"description\">Sou Wagner Miotto e ap\u00f3s muitos anos no mundo corporativo, percebi que minha verdadeira voca\u00e7\u00e3o sempre esteve comigo: escutar e acolher pessoas. Seja no ambiente profissional, em minha comunidade de f\u00e9 ou entre familiares, sempre estive dispon\u00edvel para quem buscava apoio, orienta\u00e7\u00e3o ou simplesmente um espa\u00e7o de fala. Hoje, como psic\u00f3logo e psicanalista, coloco essa escuta a servi\u00e7o da cl\u00ednica, oferecendo um espa\u00e7o \u00e9tico e sens\u00edvel para quem deseja lidar com os desafios e quest\u00f5es da vida contempor\u00e2nea.<\/p>\n\n<p>Se voc\u00ea sente que precisa falar sobre o que tem vivido, repensar escolhas, encontrar sentido em suas rela\u00e7\u00f5es ou atravessar dores que parecem sem nome, a psican\u00e1lise pode ser um caminho potente para sua jornada pessoal. Agende uma conversa e venha experimentar um espa\u00e7o de escuta que respeita sua singularidade e acolhe sua hist\u00f3ria.<\/p>\n\n<\/div>\n\n<\/section>\n\n\n\n<section id=\"atendimentos\" class=\"blue-section\">\n\n<div class=\"limite-titulo\">\n\t<h1>ATENDIMENTOS<\/h1>\n\t<hr class=\"vertical\">\n<\/div>\n\n  <div class=\"card-container\">\n\n  <div itemscope itemtype=\"https:\/\/schema.org\/Service\">\n\n    <div class=\"card\">\n      <figure>\n        <picture>\n          <source srcset=\"https:\/\/wmiotto.com.br\/wp-content\/themes\/glaux\/cortes\/img-atendimento-1.avif\" type=\"image\/avif\">\n          <source srcset=\"https:\/\/wmiotto.com.br\/wp-content\/themes\/glaux\/cortes\/img-atendimento-1.webp\" type=\"image\/webp\">\n          <img loading=\"lazy\" decoding=\"async\" src=\"https:\/\/wmiotto.com.br\/wp-content\/themes\/glaux\/cortes\/img-atendimento-1.png\" alt=\"Descri\u00e7\u00e3o da imagem 1\" width=\"506\" height=\"674\">\n        <\/picture>\n        <figcaption>\n          <h2>ON-LINE<\/h2>\n    <meta itemprop=\"serviceType\" content=\"Atendimento On-line de Psicologia\">\n          <hr>\n          <p itemprop=\"description\">Atendimento por v\u00eddeo chamada com 1 hora de dura\u00e7\u00e3o<\/p>\n          <a href=\"https:\/\/api.whatsapp.com\/send?phone=+5511996227907&#038;text=Ol\u00e1,%20desejo%20marcar%20uma%20sess\u00e3o%20de%20an\u00e1lise\" title=\"Conversar com Psicanalista\" target=\"_blank\">AGENDAR<\/a>\n        <\/figcaption>     \n      <\/figure>\n    <\/div>\n    <link itemprop=\"url\" href=\"https:\/\/wmiotto.com.br\/#atendimentos\">\n    <meta itemprop=\"areaServed\" content=\"Brasil\">\n    <meta itemprop=\"availableChannel\" content=\"Online\">\n<\/div><!-- Schema.org -->\n\n  <div itemscope itemtype=\"https:\/\/schema.org\/LocalBusiness\">\n    <div class=\"card\">\n      <figure>\n        <picture>\n          <source srcset=\"https:\/\/wmiotto.com.br\/wp-content\/themes\/glaux\/cortes\/img-atendimento-2.avif\" type=\"image\/avif\">\n          <source srcset=\"https:\/\/wmiotto.com.br\/wp-content\/themes\/glaux\/cortes\/img-atendimento-2.webp\" type=\"image\/webp\">\n          <img loading=\"lazy\" decoding=\"async\" src=\"https:\/\/wmiotto.com.br\/wp-content\/themes\/glaux\/cortes\/img-atendimento-2.png\" alt=\"Descri\u00e7\u00e3o da imagem 2\" width=\"506\" height=\"674\">\n        <\/picture>\n        <figcaption>\n          <h2>PRESENCIAL<\/h2>\n <meta itemprop=\"name\" content=\"Consult\u00f3rio de Psicologia e Psican\u00e1lise\">\n          <hr>\n          <p itemprop=\"description\">R. Bom Sucesso, 1303 (pr\u00f3x. ao metr\u00f4 Tatuap\u00e9)<br>Seg. \u00e0 s\u00e1bado das 8h \u00e0s 21h<\/p>\n    <span itemprop=\"address\" itemscope itemtype=\"https:\/\/schema.org\/PostalAddress\">\n      <meta itemprop=\"streetAddress\" content=\"Rua Bom Sucesso, 1303\">\n      <meta itemprop=\"addressLocality\" content=\"S\u00e3o Paulo\">\n      <meta itemprop=\"addressRegion\" content=\"SP\">\n      <meta itemprop=\"postalCode\" content=\"03305-000\">\n      <meta itemprop=\"addressCountry\" content=\"BR\">\n    <\/span>\n    <meta itemprop=\"areaServed\" content=\"S\u00e3o Paulo\">\n    <link itemprop=\"url\" href=\"https:\/\/wmiotto.com.br\/#atendimentos\">\n          <a href=\"https:\/\/api.whatsapp.com\/send?phone=+5511996227907&#038;text=Ol\u00e1,%20desejo%20marcar%20uma%20sess\u00e3o%20de%20an\u00e1lise\" title=\"Conversar com Psicanalista\" target=\"_blank\">AGENDAR<\/a>\n        <\/figcaption>\n      <\/figure>\n    <\/div>\n<\/div><!-- Schema.org -->\n  <\/div>\n<\/section>\n\n\n\n<div class=\"limite-titulo depoimentos\">\n<h1>BOA LEITURA<\/h1>\n<hr class=\"horizontal\">\n<\/div>\n\n<section id=\"depoimentos\">\n\n<div class=\"testimonial-container\">\n  <div class=\"testimonial-grid\">\n    <div class=\"image-container\" id=\"image-container\"><\/div>\n    <div class=\"testimonial-content\">\n      <div>\n        <h3 class=\"name\" id=\"name\"><\/h3>\n        <p class=\"designation\" id=\"designation\"><\/p>\n        <p class=\"quote\" id=\"quote\"><\/p>\n      <\/div>\n      <div class=\"arrow-buttons\">\n        <button class=\"arrow-button prev-button\" id=\"prev-button\">\n          <\n        <\/button>\n        <button class=\"arrow-button next-button\" id=\"next-button\">\n          >\n        <\/button>\n      <\/div>\n    <\/div>\n  <\/div>\n<\/div>\n\n\n<\/section>\n\n\n\n<section id=\"contato\">\n\n<div class=\"limite-titulo\">\n\t<h1>CONTATO<\/h1>\n\t<hr class=\"vertical\">\n<\/div>\n\n<div class=\"limite-contato\">\n\n<div class=\"coluna coluna-1\">\n\n\t\t<div class=\"tel\">\n\t\t  <a href=\"https:\/\/api.whatsapp.com\/send?phone=+5511996227907&#038;text=Ol\u00e1,%20desejo%20marcar%20uma%20sess\u00e3o%20de%20an\u00e1lise\" target=\"_blank\" title=\"Marcar consulta com Psicanalista\">(11) 99622-7907<\/a>\n\t\t<\/div>\n\t\t\n\n<address>\nRua Bom Sucesso, 1303<br>\n(pr\u00f3ximo ao metr\u00f4 Tatuap\u00e9)<br> \nS\u00e3o Paulo &#8211; SP<br>\n03305-000\n<br><br>\n<a href=\"mailto:wmiotto@gmail.com\" title=\"E-mail Wagner Miotto\">wmiotto@gmail.com<\/a>\n<\/address>\n\n\t\t<div class=\"horariosFooter\">\n\t\t<p><strong>Horarios:<\/strong>\n\t\tSegunda a s\u00e1bado das 8h \u00e0s 21h<br>\n\t\t<\/div>\n\n<\/div><!-- fim da coluna um -->\n\n\n<div class=\"coluna coluna-2\">\n\n<iframe src=\"https:\/\/www.google.com\/maps\/embed?pb=!1m18!1m12!1m3!1d3657.5143347951534!2d-46.5759602!3d-23.549964199999998!2m3!1f0!2f0!3f0!3m2!1i1024!2i768!4f13.1!3m3!1m2!1s0x94ce5ebe5a9dfc67%3A0x166228aa847f1a32!2sR.%20Bom%20Sucesso%2C%201303%20-%20Tatuap%C3%A9%2C%20S%C3%A3o%20Paulo%20-%20SP%2C%2003305-000!5e0!3m2!1spt-BR!2sbr!4v1749685831551!5m2!1spt-BR!2sbr\" width=\"90%\" height=\"450\" style=\"border:0;\" allowfullscreen=\"\" loading=\"lazy\" referrerpolicy=\"no-referrer-when-downgrade\"><\/iframe>\n\n<\/div>\n\n<\/div> <!-- final da limite-contato -->\n\n<\/section>\n","protected":false},"excerpt":{"rendered":"<p>SOBRE MIM Sou Wagner Miotto e ap\u00f3s muitos anos no mundo corporativo, percebi que minha verdadeira voca\u00e7\u00e3o sempre esteve comigo: escutar e acolher pessoas. Seja no ambiente profissional, em minha comunidade de f\u00e9 ou entre familiares, sempre estive dispon\u00edvel para quem buscava apoio, orienta\u00e7\u00e3o ou simplesmente um espa\u00e7o de fala. Hoje, como psic\u00f3logo e psicanalista, [&hellip;]<\/p>\n","protected":false},"author":1,"featured_media":0,"parent":0,"menu_order":0,"comment_status":"closed","ping_status":"closed","template":"","meta":{"footnotes":""},"class_list":["post-9","page","type-page","status-publish","hentry"],"_links":{"self":[{"href":"https:\/\/wmiotto.com.br\/index.php\/wp-json\/wp\/v2\/pages\/9","targetHints":{"allow":["GET"]}}],"collection":[{"href":"https:\/\/wmiotto.com.br\/index.php\/wp-json\/wp\/v2\/pages"}],"about":[{"href":"https:\/\/wmiotto.com.br\/index.php\/wp-json\/wp\/v2\/types\/page"}],"author":[{"embeddable":true,"href":"https:\/\/wmiotto.com.br\/index.php\/wp-json\/wp\/v2\/users\/1"}],"replies":[{"embeddable":true,"href":"https:\/\/wmiotto.com.br\/index.php\/wp-json\/wp\/v2\/comments?post=9"}],"version-history":[{"count":9,"href":"https:\/\/wmiotto.com.br\/index.php\/wp-json\/wp\/v2\/pages\/9\/revisions"}],"predecessor-version":[{"id":30,"href":"https:\/\/wmiotto.com.br\/index.php\/wp-json\/wp\/v2\/pages\/9\/revisions\/30"}],"wp:attachment":[{"href":"https:\/\/wmiotto.com.br\/index.php\/wp-json\/wp\/v2\/media?parent=9"}],"curies":[{"name":"wp","href":"https:\/\/api.w.org\/{rel}","templated":true}]}}